{"id":22,"date":"2025-03-23T17:00:13","date_gmt":"2025-03-23T16:00:13","guid":{"rendered":"https:\/\/www.ezp.care\/index.php\/cart\/"},"modified":"2025-03-23T17:57:49","modified_gmt":"2025-03-23T16:57:49","slug":"cart","status":"publish","type":"page","link":"https:\/\/www.ezp.care\/index.php\/cart\/","title":{"rendered":"Cart"},"content":{"rendered":"<div data-block-name=\"woocommerce\/cart\" class=\"wp-block-woocommerce-cart alignwide is-loading\"><div data-block-name=\"woocommerce\/filled-cart-block\" class=\"wp-block-woocommerce-filled-cart-block\"><div data-block-name=\"woocommerce\/cart-items-block\" class=\"wp-block-woocommerce-cart-items-block\"><div data-block-name=\"woocommerce\/cart-line-items-block\" class=\"wp-block-woocommerce-cart-line-items-block\"><\/div>\n\n<div data-block-name=\"woocommerce\/cart-cross-sells-block\" class=\"wp-block-woocommerce-cart-cross-sells-block\"><h2 class=\"wp-block-heading has-large-font-size\">You may be interested in\u2026<\/h2>\n\n<div data-block-name=\"woocommerce\/cart-cross-sells-products-block\" class=\"wp-block-woocommerce-cart-cross-sells-products-block\"><\/div><\/div><\/div>\n\n<div data-block-name=\"woocommerce\/cart-totals-block\" class=\"wp-block-woocommerce-cart-totals-block\"><div data-block-name=\"woocommerce\/cart-order-summary-block\" class=\"wp-block-woocommerce-cart-order-summary-block\"><div data-block-name=\"woocommerce\/cart-order-summary-heading-block\" class=\"wp-block-woocommerce-cart-order-summary-heading-block\"><\/div><div data-block-name=\"woocommerce\/cart-order-summary-coupon-form-block\" class=\"wp-block-woocommerce-cart-order-summary-coupon-form-block\"><\/div><div data-block-name=\"woocommerce\/cart-order-summary-totals-block\" class=\"wp-block-woocommerce-cart-order-summary-totals-block\">\n<div data-block-name=\"woocommerce\/cart-order-summary-subtotal-block\" class=\"wp-block-woocommerce-cart-order-summary-subtotal-block\"><\/div>\n<div data-block-name=\"woocommerce\/cart-order-summary-discount-block\" class=\"wp-block-woocommerce-cart-order-summary-discount-block\"><\/div>\n<div data-block-name=\"woocommerce\/cart-order-summary-fee-block\" class=\"wp-block-woocommerce-cart-order-summary-fee-block\"><\/div>\n<div data-block-name=\"woocommerce\/cart-order-summary-shipping-block\" class=\"wp-block-woocommerce-cart-order-summary-shipping-block\"><\/div>\n<div data-block-name=\"woocommerce\/cart-order-summary-taxes-block\" class=\"wp-block-woocommerce-cart-order-summary-taxes-block\"><\/div><\/div><\/div>\n\n<div data-block-name=\"woocommerce\/cart-express-payment-block\" class=\"wp-block-woocommerce-cart-express-payment-block\"><\/div>\n\n<div data-block-name=\"woocommerce\/proceed-to-checkout-block\" class=\"wp-block-woocommerce-proceed-to-checkout-block\"><\/div>\n\n<div data-block-name=\"woocommerce\/cart-accepted-payment-methods-block\" class=\"wp-block-woocommerce-cart-accepted-payment-methods-block\"><\/div><\/div><\/div>\n\n<div data-block-name=\"woocommerce\/empty-cart-block\" class=\"wp-block-woocommerce-empty-cart-block\"><h2 class=\"wp-block-heading has-text-align-center with-empty-cart-icon wc-block-cart__empty-cart__title\">Your cart is currently empty!<\/h2>\n\n<hr class=\"wp-block-separator has-alpha-channel-opacity is-style-dots\"\/>\n\n<h2 class=\"wp-block-heading has-text-align-center\">New in store<\/h2>\n\n<div data-block-name=\"woocommerce\/product-new\" data-columns=\"4\" data-rows=\"1\" class=\"wc-block-grid wp-block-product-new wp-block-woocommerce-product-new wc-block-product-new has-4-columns\"><ul class=\"wc-block-grid__products\"><li class=\"wc-block-grid__product\">\n\t\t\t\t<a href=\"https:\/\/www.ezp.care\/index.php\/product\/pentavite-vitamin-for-your-babies\/\" class=\"wc-block-grid__product-link\">\n\t\t\t\t\t\n\t\t\t\t\t<div class=\"wc-block-grid__product-image\"><img fetchpriority=\"high\" decoding=\"async\" width=\"300\" height=\"300\" src=\"https:\/\/www.ezp.care\/wp-content\/uploads\/2020\/12\/Image-3-300x300.png\" class=\"attachment-woocommerce_thumbnail size-woocommerce_thumbnail\" alt=\"Pentavite Vitamin - For your babies\" srcset=\"https:\/\/www.ezp.care\/wp-content\/uploads\/2020\/12\/Image-3-300x300.png 300w, https:\/\/www.ezp.care\/wp-content\/uploads\/2020\/12\/Image-3-1024x1024.png 1024w, https:\/\/www.ezp.care\/wp-content\/uploads\/2020\/12\/Image-3-150x150.png 150w, https:\/\/www.ezp.care\/wp-content\/uploads\/2020\/12\/Image-3-768x768.png 768w, https:\/\/www.ezp.care\/wp-content\/uploads\/2020\/12\/Image-3-600x600.png 600w, https:\/\/www.ezp.care\/wp-content\/uploads\/2020\/12\/Image-3-100x100.png 100w, https:\/\/www.ezp.care\/wp-content\/uploads\/2020\/12\/Image-3-96x96.png 96w, https:\/\/www.ezp.care\/wp-content\/uploads\/2020\/12\/Image-3.png 1200w\" sizes=\"(max-width: 300px) 100vw, 300px\" \/><\/div>\n\t\t\t\t\t<div class=\"wc-block-grid__product-title\">Pentavite Vitamin &#8211; For your babies<\/div>\n\t\t\t\t<\/a>\n\t\t\t\t<div class=\"wc-block-grid__product-price price\"><p class=\"price\"><ins><span class=\"woocommerce-Price-amount amount\">49,00&nbsp;<span class=\"woocommerce-Price-currencySymbol\">&euro;<\/span><\/span><\/ins><\/p><\/div>\n\t\t\t\t\n\t\t\t\t<div class=\"wp-block-button wc-block-grid__product-add-to-cart\"><a href=\"?add-to-cart=2215\" aria-label=\"Add to cart: &ldquo;Pentavite Vitamin - For your babies&rdquo;\" data-quantity=\"1\" data-product_id=\"2215\" data-product_sku=\"SF8745642\" data-price=\"49\" rel=\"nofollow\" class=\"wp-block-button__link  add_to_cart_button ajax_add_to_cart\">Prida\u0165 do ko\u0161\u00edka<\/a><\/div>\n\t\t\t<\/li><li class=\"wc-block-grid__product\">\n\t\t\t\t<a href=\"https:\/\/www.ezp.care\/index.php\/product\/biotin-5000-mcg\/\" class=\"wc-block-grid__product-link\">\n\t\t\t\t\t<div class=\"wc-block-grid__product-onsale\">\n\t\t\t<span aria-hidden=\"true\">Z\u013eava<\/span>\n\t\t\t<span class=\"screen-reader-text\">Z\u013eavnen\u00fd produkt<\/span>\n\t\t<\/div>\n\t\t\t\t\t<div class=\"wc-block-grid__product-image\"><img decoding=\"async\" width=\"300\" height=\"300\" src=\"https:\/\/www.ezp.care\/wp-content\/uploads\/2020\/12\/Image-8-300x300.png\" class=\"attachment-woocommerce_thumbnail size-woocommerce_thumbnail\" alt=\"Biotin 5000 Mcg\" srcset=\"https:\/\/www.ezp.care\/wp-content\/uploads\/2020\/12\/Image-8-300x300.png 300w, https:\/\/www.ezp.care\/wp-content\/uploads\/2020\/12\/Image-8-1024x1024.png 1024w, https:\/\/www.ezp.care\/wp-content\/uploads\/2020\/12\/Image-8-150x150.png 150w, https:\/\/www.ezp.care\/wp-content\/uploads\/2020\/12\/Image-8-768x768.png 768w, https:\/\/www.ezp.care\/wp-content\/uploads\/2020\/12\/Image-8-600x600.png 600w, https:\/\/www.ezp.care\/wp-content\/uploads\/2020\/12\/Image-8-100x100.png 100w, https:\/\/www.ezp.care\/wp-content\/uploads\/2020\/12\/Image-8-96x96.png 96w, https:\/\/www.ezp.care\/wp-content\/uploads\/2020\/12\/Image-8.png 1200w\" sizes=\"(max-width: 300px) 100vw, 300px\" \/><\/div>\n\t\t\t\t\t<div class=\"wc-block-grid__product-title\">Biotin 5000 Mcg<\/div>\n\t\t\t\t<\/a>\n\t\t\t\t<div class=\"wc-block-grid__product-price price\"><p class=\"price\"><ins><span class=\"woocommerce-Price-amount amount\">49,00&nbsp;<span class=\"woocommerce-Price-currencySymbol\">&euro;<\/span><\/span><\/ins><del><span class=\"woocommerce-Price-amount amount\">69,00&nbsp;<span class=\"woocommerce-Price-currencySymbol\">&euro;<\/span><\/span><\/del><\/p><\/div>\n\t\t\t\t\n\t\t\t\t<div class=\"wp-block-button wc-block-grid__product-add-to-cart\"><a href=\"?add-to-cart=2214\" aria-label=\"Add to cart: &ldquo;Biotin 5000 Mcg&rdquo;\" data-quantity=\"1\" data-product_id=\"2214\" data-product_sku=\"SF87456473\" data-price=\"49\" rel=\"nofollow\" class=\"wp-block-button__link  add_to_cart_button ajax_add_to_cart\">Prida\u0165 do ko\u0161\u00edka<\/a><\/div>\n\t\t\t<\/li><li class=\"wc-block-grid__product\">\n\t\t\t\t<a href=\"https:\/\/www.ezp.care\/index.php\/product\/oyster-plus-zinc-2\/\" class=\"wc-block-grid__product-link\">\n\t\t\t\t\t<div class=\"wc-block-grid__product-onsale\">\n\t\t\t<span aria-hidden=\"true\">Z\u013eava<\/span>\n\t\t\t<span class=\"screen-reader-text\">Z\u013eavnen\u00fd produkt<\/span>\n\t\t<\/div>\n\t\t\t\t\t<div class=\"wc-block-grid__product-image\"><img decoding=\"async\" width=\"300\" height=\"300\" src=\"https:\/\/www.ezp.care\/wp-content\/uploads\/2020\/12\/Image-9-300x300.png\" class=\"attachment-woocommerce_thumbnail size-woocommerce_thumbnail\" alt=\"Oyster PLus Zinc 2\" srcset=\"https:\/\/www.ezp.care\/wp-content\/uploads\/2020\/12\/Image-9-300x300.png 300w, https:\/\/www.ezp.care\/wp-content\/uploads\/2020\/12\/Image-9-1024x1024.png 1024w, https:\/\/www.ezp.care\/wp-content\/uploads\/2020\/12\/Image-9-150x150.png 150w, https:\/\/www.ezp.care\/wp-content\/uploads\/2020\/12\/Image-9-768x768.png 768w, https:\/\/www.ezp.care\/wp-content\/uploads\/2020\/12\/Image-9-600x600.png 600w, https:\/\/www.ezp.care\/wp-content\/uploads\/2020\/12\/Image-9-100x100.png 100w, https:\/\/www.ezp.care\/wp-content\/uploads\/2020\/12\/Image-9-96x96.png 96w, https:\/\/www.ezp.care\/wp-content\/uploads\/2020\/12\/Image-9.png 1200w\" sizes=\"(max-width: 300px) 100vw, 300px\" \/><\/div>\n\t\t\t\t\t<div class=\"wc-block-grid__product-title\">Oyster PLus Zinc 2<\/div>\n\t\t\t\t<\/a>\n\t\t\t\t<div class=\"wc-block-grid__product-price price\"><p class=\"price\"><ins><span class=\"woocommerce-Price-amount amount\">49,00&nbsp;<span class=\"woocommerce-Price-currencySymbol\">&euro;<\/span><\/span><\/ins><del><span class=\"woocommerce-Price-amount amount\">69,00&nbsp;<span class=\"woocommerce-Price-currencySymbol\">&euro;<\/span><\/span><\/del><\/p><\/div>\n\t\t\t\t\n\t\t\t\t<div class=\"wp-block-button wc-block-grid__product-add-to-cart\"><a href=\"?add-to-cart=2212\" aria-label=\"Add to cart: &ldquo;Oyster PLus Zinc 2&rdquo;\" data-quantity=\"1\" data-product_id=\"2212\" data-product_sku=\"SF87456475\" data-price=\"49\" rel=\"nofollow\" class=\"wp-block-button__link  add_to_cart_button ajax_add_to_cart\">Prida\u0165 do ko\u0161\u00edka<\/a><\/div>\n\t\t\t<\/li><li class=\"wc-block-grid__product\">\n\t\t\t\t<a href=\"https:\/\/www.ezp.care\/index.php\/product\/purity-adjustable-home\/\" class=\"wc-block-grid__product-link\">\n\t\t\t\t\t\n\t\t\t\t\t<div class=\"wc-block-grid__product-image\"><img loading=\"lazy\" decoding=\"async\" width=\"300\" height=\"300\" src=\"https:\/\/www.ezp.care\/wp-content\/uploads\/2019\/04\/43.2-300x300.jpg\" class=\"attachment-woocommerce_thumbnail size-woocommerce_thumbnail\" alt=\"Purity Adjustable Home\" srcset=\"https:\/\/www.ezp.care\/wp-content\/uploads\/2019\/04\/43.2-300x300.jpg 300w, https:\/\/www.ezp.care\/wp-content\/uploads\/2019\/04\/43.2-100x100.jpg 100w, https:\/\/www.ezp.care\/wp-content\/uploads\/2019\/04\/43.2-600x600.jpg 600w, https:\/\/www.ezp.care\/wp-content\/uploads\/2019\/04\/43.2-1024x1024.jpg 1024w, https:\/\/www.ezp.care\/wp-content\/uploads\/2019\/04\/43.2-150x150.jpg 150w, https:\/\/www.ezp.care\/wp-content\/uploads\/2019\/04\/43.2-768x768.jpg 768w, https:\/\/www.ezp.care\/wp-content\/uploads\/2019\/04\/43.2-96x96.jpg 96w, https:\/\/www.ezp.care\/wp-content\/uploads\/2019\/04\/43.2.jpg 1200w\" sizes=\"(max-width: 300px) 100vw, 300px\" \/><\/div>\n\t\t\t\t\t<div class=\"wc-block-grid__product-title\">Purity Adjustable Home<\/div>\n\t\t\t\t<\/a>\n\t\t\t\t<div class=\"wc-block-grid__product-price price\"><p class=\"price\"><ins><span class=\"woocommerce-Price-amount amount\">228,00&nbsp;<span class=\"woocommerce-Price-currencySymbol\">&euro;<\/span><\/span><\/ins><\/p><\/div>\n\t\t\t\t\n\t\t\t\t<div class=\"wp-block-button wc-block-grid__product-add-to-cart\"><a href=\"?add-to-cart=790\" aria-label=\"Add to cart: &ldquo;Purity Adjustable Home&rdquo;\" data-quantity=\"1\" data-product_id=\"790\" data-product_sku=\"SF1133569600\" data-price=\"228\" rel=\"nofollow\" class=\"wp-block-button__link  add_to_cart_button ajax_add_to_cart\">Prida\u0165 do ko\u0161\u00edka<\/a><\/div>\n\t\t\t<\/li><\/ul><\/div><\/div><\/div>","protected":false},"excerpt":{"rendered":"","protected":false},"author":1,"featured_media":0,"parent":0,"menu_order":0,"comment_status":"closed","ping_status":"closed","template":"","meta":{"footnotes":""},"class_list":["post-22","page","type-page","status-publish","hentry","post-no-thumbnail"],"jetpack_sharing_enabled":true,"_links":{"self":[{"href":"https:\/\/www.ezp.care\/index.php\/wp-json\/wp\/v2\/pages\/22","targetHints":{"allow":["GET"]}}],"collection":[{"href":"https:\/\/www.ezp.care\/index.php\/wp-json\/wp\/v2\/pages"}],"about":[{"href":"https:\/\/www.ezp.care\/index.php\/wp-json\/wp\/v2\/types\/page"}],"author":[{"embeddable":true,"href":"https:\/\/www.ezp.care\/index.php\/wp-json\/wp\/v2\/users\/1"}],"replies":[{"embeddable":true,"href":"https:\/\/www.ezp.care\/index.php\/wp-json\/wp\/v2\/comments?post=22"}],"version-history":[{"count":1,"href":"https:\/\/www.ezp.care\/index.php\/wp-json\/wp\/v2\/pages\/22\/revisions"}],"predecessor-version":[{"id":7090,"href":"https:\/\/www.ezp.care\/index.php\/wp-json\/wp\/v2\/pages\/22\/revisions\/7090"}],"wp:attachment":[{"href":"https:\/\/www.ezp.care\/index.php\/wp-json\/wp\/v2\/media?parent=22"}],"curies":[{"name":"wp","href":"https:\/\/api.w.org\/{rel}","templated":true}]}}